{"id":2210,"date":"2024-11-14T08:51:05","date_gmt":"2024-11-14T07:51:05","guid":{"rendered":"https:\/\/www.connact.it\/homepage-2-copy\/"},"modified":"2026-03-18T14:18:15","modified_gmt":"2026-03-18T13:18:15","slug":"connact","status":"publish","type":"page","link":"https:\/\/www.connact.it\/it\/connact\/","title":{"rendered":"Connact"},"content":{"rendered":"<div class=\"wpb-content-wrapper\"><p>[vc_row css_animation=&#8221;&#8221; row_type=&#8221;row&#8221; use_row_as_full_screen_section=&#8221;no&#8221; type=&#8221;full_width&#8221; angled_section=&#8221;no&#8221; text_align=&#8221;left&#8221; background_image_as_pattern=&#8221;without_pattern&#8221;][vc_column][vc_empty_space height=&#8221;48px&#8221;][\/vc_column][\/vc_row][vc_row css_animation=&#8221;&#8221; row_type=&#8221;row&#8221; use_row_as_full_screen_section=&#8221;no&#8221; type=&#8221;grid&#8221; angled_section=&#8221;no&#8221; text_align=&#8221;left&#8221; background_image_as_pattern=&#8221;without_pattern&#8221; z_index=&#8221;&#8221;][vc_column width=&#8221;1\/3&#8243;][vc_column_text css=&#8221;&#8221;]<\/p>\n<h2>Cos&#8217;\u00e8 Connact<\/h2>\n<p>[\/vc_column_text][vc_empty_space][\/vc_column][vc_column width=&#8221;2\/3&#8243;][vc_column_text css=&#8221;&#8221;]<span style=\"font-weight: 400;\">Connact nasce con l\u2019obiettivo di favorire il dialogo sulle sfide economiche, finanziarie e sociali che interessano l\u2019Europa, definendo priorit\u00e0 di azione condivise del Sistema Italia.<\/span><\/p>\n<p><span style=\"font-weight: 400;\">\u00c8 l\u2019unione di <\/span><b><i>Connection<\/i><\/b><span style=\"font-weight: 400;\"> e <\/span><b><i>Action<\/i><\/b><span style=\"font-weight: 400;\">, e rappresenta una piattaforma di discussione che prende le mosse dalla necessit\u00e0 di un confronto aperto tra decisori pubblici e privati, con un obiettivo ben preciso: costruire una rotta comune sulle istanze che interessano il nostro Paese e che vengono trattate a Bruxelles, per affrontare insieme le sfide economiche, finanziarie e sociali.\u00a0<\/span><\/p>\n<p><span style=\"font-weight: 400;\">Con il Parlamento, la Commissione e il Consiglio europei impegnati a definire le priorit\u00e0 dell\u2019azione politica dell\u2019UE, e a <\/span><b>delineare le linee strategiche per rafforzare l\u2019Unione<\/b><span style=\"font-weight: 400;\">, la necessit\u00e0 di <\/span><b>incentivare l\u2019incontro e il confronto tra organizzazioni di categoria, imprese ed enti del terzo settore<\/b><span style=\"font-weight: 400;\">, <\/span><b>insieme con gli europarlamentari italiani e i funzionari delle istituzioni europee<\/b><span style=\"font-weight: 400;\">, \u00e8 urgente.<\/span><\/p>\n<p><span style=\"font-weight: 400;\">\u00c8 proprio in questo contesto che si colloca Connact, con un sistema di eventi per favorire il confronto tra voci diverse su obiettivi comuni, creando connessione tra le parti e mirando a <\/span><b>trasformare le strategie in azione<\/b><span style=\"font-weight: 400;\">.<\/span><\/p>\n<p><span style=\"font-weight: 400;\">Lo scambio di idee e visioni tra decisori pubblici e privati prende corpo nelle occasioni di dibattito e networking promosse sull\u2019asse Roma \u2013 Bruxelles, coinvolgendo le istituzioni nazionali, comunitarie e internazionali in occasioni di confronto pubblico, attraverso eventi tematici e momenti di incontro relazionale.<\/span><\/p>\n<p><b>Connact Annual Meeting<\/b><span style=\"font-weight: 400;\"> rappresenta l\u2019appuntamento fisso in cui, ogni anno a Bruxelles, esponenti del mondo produttivo e della societ\u00e0 civile italiani &#8211; animati dalla volont\u00e0 di definire un perimetro comune di istanze e priorit\u00e0 da far convergere in linee strategiche funzionali al Sistema Italia &#8211; si confrontano con gli eletti e i funzionari delle istituzioni europee in diversi tavoli tematici, affrontando tutti gli aspetti della vita economica e sociale dell\u2019UE.<\/span><\/p>\n<p><span style=\"font-weight: 400;\">Nel corso dell\u2019anno, per mantenere il dialogo costante e strutturato, altri eventi e occasioni di incontro vengono promosse a Roma, per concentrarsi su aspetti specifici come difesa e sicurezza, competitivit\u00e0 industriale e politiche ambientali, o per promuovere una proiezione esterna del sistema Connact, come nel caso di <\/span><i><span style=\"font-weight: 400;\">Connact Piano Mattei &#8211; Nuove energie tra Europa e Africa<\/span><\/i><span style=\"font-weight: 400;\">, o di <\/span><i><span style=\"font-weight: 400;\">Connact Asia<\/span><\/i><span style=\"font-weight: 400;\">.<\/span>[\/vc_column_text][\/vc_column][\/vc_row][vc_row css_animation=&#8221;&#8221; row_type=&#8221;row&#8221; use_row_as_full_screen_section=&#8221;no&#8221; type=&#8221;full_width&#8221; angled_section=&#8221;no&#8221; text_align=&#8221;left&#8221; background_image_as_pattern=&#8221;without_pattern&#8221;][vc_column offset=&#8221;vc_hidden-lg vc_hidden-md vc_hidden-sm vc_hidden-xs&#8221;][vc_empty_space height=&#8221;48px&#8221;][\/vc_column][\/vc_row][vc_row css_animation=&#8221;&#8221; row_type=&#8221;row&#8221; use_row_as_full_screen_section=&#8221;no&#8221; type=&#8221;full_width&#8221; angled_section=&#8221;no&#8221; text_align=&#8221;left&#8221; background_image_as_pattern=&#8221;without_pattern&#8221; z_index=&#8221;&#8221; css=&#8221;.vc_custom_1733411223030{background-color: #04AAB880 !important;}&#8221;][vc_column offset=&#8221;vc_hidden-lg vc_hidden-md vc_hidden-sm vc_hidden-xs&#8221;][vc_empty_space el_class=&#8221;hidden&#8221;][vc_row_inner row_type=&#8221;row&#8221; type=&#8221;grid&#8221; text_align=&#8221;left&#8221; css_animation=&#8221;&#8221;][vc_column_inner width=&#8221;2\/3&#8243;][vc_single_image image=&#8221;2638&#8243; img_size=&#8221;full&#8221; css=&#8221;&#8221; qode_css_animation=&#8221;element_from_left&#8221;][\/vc_column_inner][vc_column_inner width=&#8221;1\/3&#8243;][vc_column_text css=&#8221;&#8221;]Lorem ipsum dolor sit amet, consectetur adipiscing elit. Etiam fermentum vulputate tortor, vel eleifend tortor mollis sit amet. Ut nec lectus ultricies, tempus lectus sit amet, vestibulum felis. Morbi vitae dolor nisl. Vivamus a pharetra ex. Ut eu sagittis est. Quisque et euismod diam. Cras vitae posuere lectus, venenatis fermentum leo. Etiam consectetur turpis felis, quis elementum urna maximus quis.[\/vc_column_text][vc_empty_space]<a  itemprop=\"url\" href=\"\" target=\"_self\"  class=\"qbutton  white default\" style=\"\">SCARICA LA PRESENTAZIONE<\/a>[\/vc_column_inner][\/vc_row_inner][vc_empty_space][\/vc_column][\/vc_row][vc_row css_animation=&#8221;&#8221; row_type=&#8221;row&#8221; use_row_as_full_screen_section=&#8221;no&#8221; type=&#8221;grid&#8221; angled_section=&#8221;no&#8221; text_align=&#8221;left&#8221; background_image_as_pattern=&#8221;without_pattern&#8221; z_index=&#8221;&#8221;][vc_column css=&#8221;.vc_custom_1741168985978{border-color: #1E73BE !important;}&#8221;][vc_empty_space height=&#8221;40px&#8221;][\/vc_column][\/vc_row][vc_row css_animation=&#8221;&#8221; row_type=&#8221;row&#8221; use_row_as_full_screen_section=&#8221;no&#8221; type=&#8221;full_width&#8221; angled_section=&#8221;no&#8221; text_align=&#8221;left&#8221; background_image_as_pattern=&#8221;without_pattern&#8221; z_index=&#8221;&#8221;][vc_column width=&#8221;1\/2&#8243; css=&#8221;.vc_custom_1741191668132{padding-top: 0px !important;border-color: #1E73BE !important;}&#8221; offset=&#8221;vc_hidden-lg vc_hidden-md vc_hidden-sm vc_col-xs-offset-1 vc_col-xs-5&#8243;][vc_single_image image=&#8221;14507&#8243; img_size=&#8221;full&#8221; alignment=&#8221;center&#8221; css=&#8221;&#8221; qode_css_animation=&#8221;&#8221;][\/vc_column][vc_column width=&#8221;1\/2&#8243; offset=&#8221;vc_hidden-lg vc_hidden-md vc_hidden-sm vc_col-xs-5&#8243;][vc_single_image image=&#8221;14513&#8243; img_size=&#8221;full&#8221; alignment=&#8221;center&#8221; css=&#8221;&#8221; qode_css_animation=&#8221;&#8221;][vc_empty_space height=&#8221;40px&#8221;][\/vc_column][\/vc_row][vc_row css_animation=&#8221;&#8221; row_type=&#8221;row&#8221; use_row_as_full_screen_section=&#8221;no&#8221; type=&#8221;full_width&#8221; angled_section=&#8221;no&#8221; text_align=&#8221;left&#8221; background_image_as_pattern=&#8221;without_pattern&#8221; z_index=&#8221;&#8221;][vc_column width=&#8221;1\/2&#8243; css=&#8221;.vc_custom_1741191668132{padding-top: 0px !important;border-color: #1E73BE !important;}&#8221; offset=&#8221;vc_hidden-lg vc_hidden-md vc_hidden-sm vc_col-xs-offset-1 vc_col-xs-5&#8243;][vc_single_image image=&#8221;14516&#8243; img_size=&#8221;full&#8221; alignment=&#8221;center&#8221; css=&#8221;&#8221; qode_css_animation=&#8221;&#8221;][\/vc_column][vc_column width=&#8221;1\/2&#8243; offset=&#8221;vc_hidden-lg vc_hidden-md vc_hidden-sm vc_col-xs-5&#8243;][vc_single_image image=&#8221;14546&#8243; img_size=&#8221;full&#8221; alignment=&#8221;center&#8221; css=&#8221;&#8221; qode_css_animation=&#8221;&#8221;][vc_empty_space height=&#8221;40px&#8221;][\/vc_column][\/vc_row][vc_row css_animation=&#8221;&#8221; row_type=&#8221;row&#8221; use_row_as_full_screen_section=&#8221;no&#8221; type=&#8221;full_width&#8221; angled_section=&#8221;no&#8221; text_align=&#8221;left&#8221; background_image_as_pattern=&#8221;without_pattern&#8221; z_index=&#8221;&#8221;][vc_column width=&#8221;1\/2&#8243; css=&#8221;.vc_custom_1741191668132{padding-top: 0px !important;border-color: #1E73BE !important;}&#8221; offset=&#8221;vc_hidden-lg vc_hidden-md vc_hidden-sm vc_col-xs-offset-1 vc_col-xs-5&#8243;][vc_single_image image=&#8221;5749&#8243; img_size=&#8221;full&#8221; alignment=&#8221;center&#8221; css=&#8221;&#8221; qode_css_animation=&#8221;&#8221;][\/vc_column][vc_column width=&#8221;1\/2&#8243; offset=&#8221;vc_hidden-lg vc_hidden-md vc_hidden-sm vc_col-xs-5&#8243;][vc_single_image image=&#8221;14522&#8243; img_size=&#8221;full&#8221; alignment=&#8221;center&#8221; css=&#8221;&#8221; qode_css_animation=&#8221;&#8221;][vc_empty_space height=&#8221;40px&#8221;][\/vc_column][\/vc_row][vc_row css_animation=&#8221;&#8221; row_type=&#8221;row&#8221; use_row_as_full_screen_section=&#8221;no&#8221; type=&#8221;full_width&#8221; angled_section=&#8221;no&#8221; text_align=&#8221;left&#8221; background_image_as_pattern=&#8221;without_pattern&#8221; z_index=&#8221;&#8221;][vc_column width=&#8221;1\/2&#8243; css=&#8221;.vc_custom_1741191668132{padding-top: 0px !important;border-color: #1E73BE !important;}&#8221; offset=&#8221;vc_hidden-lg vc_hidden-md vc_hidden-sm vc_col-xs-offset-1 vc_col-xs-5&#8243;][vc_single_image image=&#8221;14525&#8243; img_size=&#8221;full&#8221; alignment=&#8221;center&#8221; css=&#8221;&#8221; qode_css_animation=&#8221;&#8221;][\/vc_column][vc_column width=&#8221;1\/2&#8243; offset=&#8221;vc_hidden-lg vc_hidden-md vc_hidden-sm vc_col-xs-5&#8243;][vc_single_image image=&#8221;14528&#8243; img_size=&#8221;full&#8221; alignment=&#8221;center&#8221; css=&#8221;&#8221; qode_css_animation=&#8221;&#8221;][vc_empty_space height=&#8221;40px&#8221;][\/vc_column][\/vc_row][vc_row css_animation=&#8221;&#8221; row_type=&#8221;row&#8221; use_row_as_full_screen_section=&#8221;no&#8221; type=&#8221;full_width&#8221; angled_section=&#8221;no&#8221; text_align=&#8221;left&#8221; background_image_as_pattern=&#8221;without_pattern&#8221; z_index=&#8221;&#8221;][vc_column width=&#8221;1\/2&#8243; css=&#8221;.vc_custom_1741191668132{padding-top: 0px !important;border-color: #1E73BE !important;}&#8221; offset=&#8221;vc_hidden-lg vc_hidden-md vc_hidden-sm vc_col-xs-offset-1 vc_col-xs-5&#8243;][vc_single_image image=&#8221;14531&#8243; img_size=&#8221;full&#8221; alignment=&#8221;center&#8221; css=&#8221;&#8221; qode_css_animation=&#8221;&#8221;][\/vc_column][vc_column width=&#8221;1\/2&#8243; offset=&#8221;vc_hidden-lg vc_hidden-md vc_hidden-sm vc_col-xs-5&#8243;][vc_single_image image=&#8221;14534&#8243; img_size=&#8221;full&#8221; alignment=&#8221;center&#8221; css=&#8221;&#8221; qode_css_animation=&#8221;&#8221;][vc_empty_space height=&#8221;40px&#8221;][\/vc_column][\/vc_row][vc_row css_animation=&#8221;&#8221; row_type=&#8221;row&#8221; use_row_as_full_screen_section=&#8221;no&#8221; type=&#8221;full_width&#8221; angled_section=&#8221;no&#8221; text_align=&#8221;left&#8221; background_image_as_pattern=&#8221;without_pattern&#8221; z_index=&#8221;&#8221;][vc_column width=&#8221;1\/2&#8243; css=&#8221;.vc_custom_1741191668132{padding-top: 0px !important;border-color: #1E73BE !important;}&#8221; offset=&#8221;vc_hidden-lg vc_hidden-md vc_hidden-sm vc_col-xs-offset-1 vc_col-xs-5&#8243;][vc_single_image image=&#8221;14537&#8243; img_size=&#8221;full&#8221; alignment=&#8221;center&#8221; css=&#8221;&#8221; qode_css_animation=&#8221;&#8221;][\/vc_column][vc_column width=&#8221;1\/2&#8243; offset=&#8221;vc_hidden-lg vc_hidden-md vc_hidden-sm vc_col-xs-5&#8243;][vc_single_image image=&#8221;14540&#8243; img_size=&#8221;full&#8221; alignment=&#8221;center&#8221; css=&#8221;&#8221; qode_css_animation=&#8221;&#8221;][vc_empty_space height=&#8221;40px&#8221;][\/vc_column][\/vc_row][vc_row css_animation=&#8221;&#8221; row_type=&#8221;row&#8221; use_row_as_full_screen_section=&#8221;no&#8221; type=&#8221;full_width&#8221; angled_section=&#8221;no&#8221; text_align=&#8221;left&#8221; background_image_as_pattern=&#8221;without_pattern&#8221; z_index=&#8221;&#8221;][vc_column width=&#8221;1\/2&#8243; css=&#8221;.vc_custom_1741191668132{padding-top: 0px !important;border-color: #1E73BE !important;}&#8221; offset=&#8221;vc_hidden-lg vc_hidden-md vc_hidden-sm vc_col-xs-offset-1 vc_col-xs-5&#8243;][vc_single_image image=&#8221;14543&#8243; img_size=&#8221;full&#8221; alignment=&#8221;center&#8221; css=&#8221;&#8221; qode_css_animation=&#8221;&#8221;][vc_empty_space height=&#8221;40px&#8221;][\/vc_column][vc_column width=&#8221;1\/2&#8243; offset=&#8221;vc_hidden-lg vc_hidden-md vc_hidden-sm vc_col-xs-5&#8243;][vc_empty_space height=&#8221;40px&#8221;][\/vc_column][\/vc_row][vc_row css_animation=&#8221;&#8221; row_type=&#8221;row&#8221; use_row_as_full_screen_section=&#8221;no&#8221; type=&#8221;full_width&#8221; angled_section=&#8221;no&#8221; text_align=&#8221;left&#8221; background_image_as_pattern=&#8221;without_pattern&#8221; z_index=&#8221;&#8221;][vc_column css=&#8221;.vc_custom_1741191337299{padding-top: 1% !important;padding-bottom: 1% !important;background-color: #214D7E !important;border-color: #1E73BE !important;}&#8221; offset=&#8221;vc_hidden-lg vc_hidden-md vc_hidden-sm vc_col-xs-12&#8243;]<a  itemprop=\"url\" href=\"https:\/\/www.connact.it\/it\/eventi\/\" target=\"_self\"  class=\"qbutton  big_large default\" style=\"margin: 0 Auto; \">SCOPRI TUTTI GLI EVENTI<\/a>[\/vc_column][\/vc_row][vc_row css_animation=&#8221;&#8221; row_type=&#8221;row&#8221; use_row_as_full_screen_section=&#8221;no&#8221; type=&#8221;grid&#8221; angled_section=&#8221;no&#8221; text_align=&#8221;left&#8221; background_image_as_pattern=&#8221;without_pattern&#8221; z_index=&#8221;&#8221;][vc_column width=&#8221;3\/4&#8243; css=&#8221;.vc_custom_1741169399286{border-right-width: 1px !important;border-right-style: solid !important;border-radius: 1px !important;border-color: #1E73BE !important;}&#8221; offset=&#8221;vc_hidden-xs&#8221;][vc_gallery type=&#8221;image_grid&#8221; images=&#8221;14507,14513,14516,14546,14519,14522,14525,14528,14531,14534,14537,14540,14543&#8243; img_size=&#8221;full&#8221; onclick=&#8221;&#8221; css=&#8221;&#8221; column_number=&#8221;5&#8243; grayscale=&#8221;no&#8221; images_space=&#8221;gallery_with_space&#8221;][\/vc_column][vc_column width=&#8221;1\/4&#8243; offset=&#8221;vc_hidden-xs&#8221;][vc_empty_space height=&#8221;100px&#8221;]<a  itemprop=\"url\" href=\"https:\/\/www.connact.it\/it\/eventi\/\" target=\"_self\"  class=\"qbutton  large default\" style=\"\">SCOPRI TUTTI GLI EVENTI<\/a>[\/vc_column][\/vc_row][vc_row css_animation=&#8221;&#8221; row_type=&#8221;row&#8221; use_row_as_full_screen_section=&#8221;no&#8221; type=&#8221;grid&#8221; angled_section=&#8221;no&#8221; text_align=&#8221;left&#8221; background_image_as_pattern=&#8221;without_pattern&#8221; z_index=&#8221;&#8221;][vc_column css=&#8221;.vc_custom_1741191496138{border-color: #1E73BE !important;}&#8221; offset=&#8221;vc_hidden-xs&#8221;][vc_empty_space height=&#8221;40px&#8221;][\/vc_column][\/vc_row]<\/p>\n<\/div>","protected":false},"excerpt":{"rendered":"<p>[vc_row css_animation=&#8221;&#8221; row_type=&#8221;row&#8221; use_row_as_full_screen_section=&#8221;no&#8221; type=&#8221;full_width&#8221; angled_section=&#8221;no&#8221; text_align=&#8221;left&#8221; background_image_as_pattern=&#8221;without_pattern&#8221;][vc_column][vc_empty_space height=&#8221;48px&#8221;][\/vc_column][\/vc_row][vc_row css_animation=&#8221;&#8221; row_type=&#8221;row&#8221; use_row_as_full_screen_section=&#8221;no&#8221; type=&#8221;grid&#8221; angled_section=&#8221;no&#8221; text_align=&#8221;left&#8221; background_image_as_pattern=&#8221;without_pattern&#8221; z_index=&#8221;&#8221;][vc_column width=&#8221;1\/3&#8243;][vc_column_text css=&#8221;&#8221;] Cos&#8217;\u00e8 Connact [\/vc_column_text][vc_empty_space][\/vc_column][vc_column width=&#8221;2\/3&#8243;][vc_column_text css=&#8221;&#8221;]Connact nasce con l\u2019obiettivo di favorire il dialogo sulle sfide economiche, finanziarie e sociali che interessano l\u2019Europa, definendo priorit\u00e0 di azione condivise&#8230;<\/p>\n","protected":false},"author":4,"featured_media":0,"parent":0,"menu_order":0,"comment_status":"closed","ping_status":"closed","template":"full_width.php","meta":{"_acf_changed":false,"inline_featured_image":false,"_price":"","_stock":"","_tribe_ticket_header":"","_tribe_default_ticket_provider":"","_tribe_ticket_capacity":"0","_ticket_start_date":"","_ticket_end_date":"","_tribe_ticket_show_description":"","_tribe_ticket_show_not_going":false,"_tribe_ticket_use_global_stock":"","_tribe_ticket_global_stock_level":"","_global_stock_mode":"","_global_stock_cap":"","_tribe_rsvp_for_event":"","_tribe_ticket_going_count":"","_tribe_ticket_not_going_count":"","_tribe_tickets_list":"[]","_tribe_ticket_has_attendee_info_fields":false,"footnotes":"","_tec_slr_enabled":"","_tec_slr_layout":""},"class_list":["post-2210","page","type-page","status-publish","hentry"],"acf":[],"ticketed":false,"_links":{"self":[{"href":"https:\/\/www.connact.it\/it\/wp-json\/wp\/v2\/pages\/2210","targetHints":{"allow":["GET"]}}],"collection":[{"href":"https:\/\/www.connact.it\/it\/wp-json\/wp\/v2\/pages"}],"about":[{"href":"https:\/\/www.connact.it\/it\/wp-json\/wp\/v2\/types\/page"}],"author":[{"embeddable":true,"href":"https:\/\/www.connact.it\/it\/wp-json\/wp\/v2\/users\/4"}],"replies":[{"embeddable":true,"href":"https:\/\/www.connact.it\/it\/wp-json\/wp\/v2\/comments?post=2210"}],"version-history":[{"count":52,"href":"https:\/\/www.connact.it\/it\/wp-json\/wp\/v2\/pages\/2210\/revisions"}],"predecessor-version":[{"id":15515,"href":"https:\/\/www.connact.it\/it\/wp-json\/wp\/v2\/pages\/2210\/revisions\/15515"}],"wp:attachment":[{"href":"https:\/\/www.connact.it\/it\/wp-json\/wp\/v2\/media?parent=2210"}],"curies":[{"name":"wp","href":"https:\/\/api.w.org\/{rel}","templated":true}]}}